{"id":60,"date":"2024-10-15T22:08:45","date_gmt":"2024-10-15T22:08:45","guid":{"rendered":"http:\/\/chwoon.com.mx\/?page_id=60"},"modified":"2025-01-22T22:24:59","modified_gmt":"2025-01-22T22:24:59","slug":"nosotros","status":"publish","type":"page","link":"http:\/\/chwoon.com.mx\/?page_id=60","title":{"rendered":"Nosotros"},"content":{"rendered":"\n    \n    <section class=\"u-align-center u-clearfix u-container-align-center u-image u-shading u-section-2\" id=\"carousel_ad32\" data-image-width=\"6240\" data-image-height=\"4160\" style=\"background-image: linear-gradient(0deg, rgba(0, 0, 0, 0.05), rgba(0, 0, 0, 0.05)), url(&quot;http:\/\/chwoon.com.mx\/wp-content\/uploads\/2024\/10\/IMG_707621.jpg&quot;);\">\n      <div class=\"u-clearfix u-sheet u-sheet-1\">\n        <h1 class=\"u-custom-font u-font-montserrat u-text u-text-white u-title u-text-1\">NOSOTROS<\/h1>\n        <h4 class=\"u-text u-text-2\">Cheong Woon M\u00e9xico<\/h4>\n      <\/div>\n    <\/section>\n    <section class=\"u-clearfix u-grey-10 u-section-3\" id=\"carousel_662d\">\n      <h1 class=\"u-align-center u-text u-text-1\">Mision y Vision<\/h1>\n      <div class=\"data-layout-selected u-clearfix u-layout-wrap u-layout-wrap-1\">\n        <div class=\"u-gutter-0 u-layout\">\n          <div class=\"u-layout-row\">\n            <div class=\"u-container-style u-layout-cell u-size-30 u-layout-cell-1\">\n              <div class=\"u-container-layout u-valign-top u-container-layout-1\">\n                <div class=\"u-container-style u-custom-color-1 u-group u-group-1\">\n                  <div class=\"u-container-layout u-container-layout-2\">\n                    <h6 class=\"u-align-center u-custom-font u-font-montserrat u-text u-text-default u-text-2\">Mision<\/h6>\n                  <\/div>\n                <\/div>\n                <p class=\"u-align-justify u-custom-font u-font-montserrat u-text u-text-3\"> Desarrollar soluciones innovadoras , brindando un servicio\nde clase mundial y excelencia operativa <\/p>\n              <\/div>\n            <\/div>\n            <div class=\"u-align-justify u-container-style u-layout-cell u-size-30 u-layout-cell-2\">\n              <div class=\"u-container-layout u-container-layout-3\">\n                <div class=\"u-container-style u-custom-color-1 u-group u-group-2\">\n                  <div class=\"u-container-layout u-container-layout-4\">\n                    <h6 class=\"u-align-center u-custom-font u-font-montserrat u-text u-text-4\">Vision<\/h6>\n                  <\/div>\n                <\/div>\n                <p class=\"u-custom-font u-font-montserrat u-text u-text-5\"><b>Ser reconocida como la empresa l\u00edder en el desarrollode nuevas soluciones para la protecci\u00f3n de todo tipo de productos.<\/b>\n                <\/p>\n              <\/div>\n            <\/div>\n          <\/div>\n        <\/div>\n      <\/div>\n    <\/section>\n    <section class=\"u-clearfix u-video u-section-4\" id=\"sec-6dfa\">\n      <div class=\"u-background-video u-expanded u-video-contain\" style=\"\">\n        <div class=\"embed-responsive embed-responsive-1\">\n          <iframe style=\"position: absolute;top: 0;left: 0;width: 100%;height: 100%;\" class=\"embed-responsive-item\" src=\"https:\/\/www.youtube.com\/embed\/pAHugyV0dts?playlist=pAHugyV0dts&amp;loop=1&amp;mute=1&amp;showinfo=0&amp;controls=0&amp;start=0&amp;autoplay=1\" data-autoplay=\"1\" frameborder=\"0\" allowfullscreen=\"\"><\/iframe>\n        <\/div>\n      <\/div>\n      <div class=\"u-clearfix u-sheet u-sheet-1\"><\/div>\n    <\/section>\n    <section class=\"u-clearfix u-grey-10 u-section-5\" id=\"sec-dc72\">\n      <div class=\"u-clearfix u-sheet u-sheet-1\">\n        <h1 class=\"u-text u-text-default u-text-1\">Timeline<\/h1>\n        <img decoding=\"async\" class=\"u-image u-image-default u-image-1\" src=\"http:\/\/chwoon.com.mx\/wp-content\/uploads\/2024\/11\/timelineESPAOL-1.png\" alt=\"\" data-image-width=\"960\" data-image-height=\"1236\">\n      <\/div>\n    <\/section>\n    <section class=\"u-clearfix u-grey-10 u-section-6\" id=\"sec-a178\">\n      <div class=\"u-clearfix u-sheet u-sheet-1\">\n        <div class=\"data-layout-selected u-clearfix u-disable-padding u-gutter-6 u-layout-spacing-all u-layout-wrap u-layout-wrap-1\">\n          <div class=\"u-gutter-0 u-layout\">\n            <div class=\"u-layout-row\">\n              <div class=\"u-align-center u-container-style u-layout-cell u-size-15 u-layout-cell-1\">\n                <div class=\"u-container-layout\">\n                  <img decoding=\"async\" class=\"u-align-center u-image u-image-1\" src=\"http:\/\/chwoon.com.mx\/wp-content\/uploads\/2024\/10\/frente.jpg\" data-image-width=\"960\" data-image-height=\"720\">\n                  <h5 class=\"u-text u-text-1\">Factory Monterrey<\/h5>\n                  <p class=\"u-small-text u-text u-text-variant u-text-2\"> CARRETERA APODACA A, Benito Ju\u00e1rez 2156, REAL HACIENDA DE HUINALA, 66644 Cdad. Apodaca, N.L.<\/p>\n                  <p class=\"u-text u-text-font u-text-3\"> Site area:&nbsp; 50,000 m2<br>Assy area: 5.500 m2<br>Eps area: 13,625m2<br>Paa area: 1,601 m2<br>office area: 1,684 m2<br>Parking area: 82e<br>Spare area: 16,755 m2 \n                  <\/p>\n                <\/div>\n              <\/div>\n              <div class=\"u-align-center u-container-style u-layout-cell u-size-15 u-layout-cell-2\">\n                <div class=\"u-container-layout\">\n                  <img decoding=\"async\" class=\"u-expanded-width u-image u-image-default u-image-2\" src=\"http:\/\/chwoon.com.mx\/wp-content\/uploads\/2025\/01\/edi.png\" alt=\"\" data-image-width=\"960\" data-image-height=\"720\">\n                  <h5 class=\"u-text u-text-4\"> Factory Corte Apodaca<\/h5>\n                  <p class=\"u-small-text u-text u-text-variant u-text-5\"> JULIAN SEPULVEDA DAVILA 111 y 113, Huinala, 66640 Cdad. Apodaca,&nbsp;N.L.<\/p>\n                  <p class=\"u-text u-text-6\">8 Maquinas de corte <\/p>\n                <\/div>\n              <\/div>\n              <div class=\"u-align-center u-container-style u-layout-cell u-size-15 u-layout-cell-3\">\n                <div class=\"u-container-layout u-container-layout-3\">\n                  <img decoding=\"async\" class=\"u-align-center u-image u-image-3\" src=\"http:\/\/chwoon.com.mx\/wp-content\/uploads\/2024\/11\/ImagendeWhatsApp2024-11-29alas17.11.07_212e2666.jpg\" data-image-width=\"960\" data-image-height=\"721\">\n                  <h5 class=\"u-text u-text-7\"> Factory 1 : EPS<\/h5>\n                  <p class=\"u-small-text u-text u-text-variant u-text-8\"> CALLE.\nPRIVADA LA NORIA N.232-1 COL. PARQUE INDUSTRIAL QUERETARO DELG. SANTA ROSA\nJAUREGUI QUERETARO, QRO<\/p>\n                  <p class=\"u-text u-text-font u-text-9\"> 25\nMachines&nbsp;<br>3\nBoilers&nbsp;<br>Vacuum\nTower&nbsp;<br>Dry\nRoom&nbsp;<br>Silos&nbsp;<br>RO\nSystem \n                  <\/p>\n                <\/div>\n              <\/div>\n              <div class=\"u-container-style u-layout-cell u-size-15 u-layout-cell-4\">\n                <div class=\"u-container-layout u-container-layout-4\">\n                  <img decoding=\"async\" class=\"u-image u-image-default u-image-4\" src=\"http:\/\/chwoon.com.mx\/wp-content\/uploads\/2024\/11\/ImagendeWhatsApp2024-11-29alas17.11.07_3286daa2.jpg\" alt=\"\" data-image-width=\"960\" data-image-height=\"720\">\n                  <h5 class=\"u-align-center u-text u-text-10\"> Factory 2 : EPS<\/h5>\n                  <p class=\"u-small-text u-text u-text-variant u-text-11\"> AV.BENITO\nJUAREZ NO 119 COL. PARQUE INDUSTR\u200bIAL QUER\u00c9TARO, CP 76220<\/p>\n                  <p class=\"u-align-center u-text u-text-12\"> 40\nMachines<br>3\nBoilers<br>Silos<br>RO\nSystem<br>Compressor<br>Cooling\nTower \n                  <\/p>\n                <\/div>\n              <\/div>\n            <\/div>\n          <\/div>\n        <\/div>\n      <\/div>\n    <\/section>\n    \n    \n    \n    \n  \n","protected":false},"excerpt":{"rendered":"<p>NOSOTROS Cheong Woon M\u00e9xico Mision y Vision Mision Desarrollar soluciones innovadoras , brindando un servicio de clase mundial y excelencia operativa Vision Ser reconocida como la empresa l\u00edder en el desarrollode nuevas soluciones para la protecci\u00f3n de todo tipo de productos. Timeline Factory Monterrey CARRETERA APODACA A, Benito Ju\u00e1rez 2156, REAL HACIENDA DE HUINALA, 66644 &hellip; <a href=\"http:\/\/chwoon.com.mx\/?page_id=60\" class=\"more-link\">Continue reading<span class=\"screen-reader-text\"> &#8220;Nosotros&#8221;<\/span><\/a><\/p>\n","protected":false},"author":1,"featured_media":0,"parent":0,"menu_order":1,"comment_status":"closed","ping_status":"closed","template":"","meta":{"footnotes":""},"class_list":["post-60","page","type-page","status-publish","hentry"],"yoast_head":"<!-- This site is optimized with the Yoast SEO plugin v27.3 - https:\/\/yoast.com\/product\/yoast-seo-wordpress\/ -->\n<title>Nosotros - CHEONG WOON<\/title>\n<meta name=\"description\" content=\"Fabricante de piezas a base de hielo seco o eps, y corte de piezas de hielo seco\" \/>\n<meta name=\"robots\" content=\"index, follow, max-snippet:-1, max-image-preview:large, max-video-preview:-1\" \/>\n<link rel=\"canonical\" href=\"http:\/\/chwoon.com.mx\/?page_id=60\" \/>\n<meta property=\"og:locale\" content=\"en_US\" \/>\n<meta property=\"og:type\" content=\"article\" \/>\n<meta property=\"og:title\" content=\"Nosotros - CHEONG WOON\" \/>\n<meta property=\"og:description\" content=\"Fabricante de piezas a base de hielo seco o eps, y corte de piezas de hielo seco\" \/>\n<meta property=\"og:url\" content=\"http:\/\/chwoon.com.mx\/?page_id=60\" \/>\n<meta property=\"og:site_name\" content=\"CHEONG WOON\" \/>\n<meta property=\"article:modified_time\" content=\"2025-01-22T22:24:59+00:00\" \/>\n<meta property=\"og:image\" content=\"http:\/\/chwoon.com.mx\/wp-content\/uploads\/2025\/01\/IMG20241125150723-scaled.jpg\" \/>\n\t<meta property=\"og:image:width\" content=\"2560\" \/>\n\t<meta property=\"og:image:height\" content=\"1164\" \/>\n\t<meta property=\"og:image:type\" content=\"image\/jpeg\" \/>\n<meta name=\"twitter:card\" content=\"summary_large_image\" \/>\n<meta name=\"twitter:label1\" content=\"Est. reading time\" \/>\n\t<meta name=\"twitter:data1\" content=\"2 minutes\" \/>\n<script type=\"application\/ld+json\" class=\"yoast-schema-graph\">{\"@context\":\"https:\\\/\\\/schema.org\",\"@graph\":[{\"@type\":\"WebPage\",\"@id\":\"http:\\\/\\\/chwoon.com.mx\\\/?page_id=60\",\"url\":\"http:\\\/\\\/chwoon.com.mx\\\/?page_id=60\",\"name\":\"Nosotros - CHEONG WOON\",\"isPartOf\":{\"@id\":\"http:\\\/\\\/chwoon.com.mx\\\/#website\"},\"datePublished\":\"2024-10-15T22:08:45+00:00\",\"dateModified\":\"2025-01-22T22:24:59+00:00\",\"description\":\"Fabricante de piezas a base de hielo seco o eps, y corte de piezas de hielo seco\",\"breadcrumb\":{\"@id\":\"http:\\\/\\\/chwoon.com.mx\\\/?page_id=60#breadcrumb\"},\"inLanguage\":\"en-US\",\"potentialAction\":[{\"@type\":\"ReadAction\",\"target\":[\"http:\\\/\\\/chwoon.com.mx\\\/?page_id=60\"]}]},{\"@type\":\"BreadcrumbList\",\"@id\":\"http:\\\/\\\/chwoon.com.mx\\\/?page_id=60#breadcrumb\",\"itemListElement\":[{\"@type\":\"ListItem\",\"position\":1,\"name\":\"Inicio\",\"item\":\"http:\\\/\\\/chwoon.com.mx\\\/\"},{\"@type\":\"ListItem\",\"position\":2,\"name\":\"Nosotros\"}]},{\"@type\":\"WebSite\",\"@id\":\"http:\\\/\\\/chwoon.com.mx\\\/#website\",\"url\":\"http:\\\/\\\/chwoon.com.mx\\\/\",\"name\":\"CHEONG WOON MEXICO\",\"description\":\"CHEONG WOON\",\"publisher\":{\"@id\":\"http:\\\/\\\/chwoon.com.mx\\\/#organization\"},\"alternateName\":\"CW\",\"potentialAction\":[{\"@type\":\"SearchAction\",\"target\":{\"@type\":\"EntryPoint\",\"urlTemplate\":\"http:\\\/\\\/chwoon.com.mx\\\/?s={search_term_string}\"},\"query-input\":{\"@type\":\"PropertyValueSpecification\",\"valueRequired\":true,\"valueName\":\"search_term_string\"}}],\"inLanguage\":\"en-US\"},{\"@type\":\"Organization\",\"@id\":\"http:\\\/\\\/chwoon.com.mx\\\/#organization\",\"name\":\"CHEONG WOON\",\"url\":\"http:\\\/\\\/chwoon.com.mx\\\/\",\"logo\":{\"@type\":\"ImageObject\",\"inLanguage\":\"en-US\",\"@id\":\"http:\\\/\\\/chwoon.com.mx\\\/#\\\/schema\\\/logo\\\/image\\\/\",\"url\":\"http:\\\/\\\/chwoon.com.mx\\\/wp-content\\\/uploads\\\/2024\\\/10\\\/cropped-LOGOCWM-48.png\",\"contentUrl\":\"http:\\\/\\\/chwoon.com.mx\\\/wp-content\\\/uploads\\\/2024\\\/10\\\/cropped-LOGOCWM-48.png\",\"width\":240,\"height\":169,\"caption\":\"CHEONG WOON\"},\"image\":{\"@id\":\"http:\\\/\\\/chwoon.com.mx\\\/#\\\/schema\\\/logo\\\/image\\\/\"}}]}<\/script>\n<!-- \/ Yoast SEO plugin. -->","yoast_head_json":{"title":"Nosotros - CHEONG WOON","description":"Fabricante de piezas a base de hielo seco o eps, y corte de piezas de hielo seco","robots":{"index":"index","follow":"follow","max-snippet":"max-snippet:-1","max-image-preview":"max-image-preview:large","max-video-preview":"max-video-preview:-1"},"canonical":"http:\/\/chwoon.com.mx\/?page_id=60","og_locale":"en_US","og_type":"article","og_title":"Nosotros - CHEONG WOON","og_description":"Fabricante de piezas a base de hielo seco o eps, y corte de piezas de hielo seco","og_url":"http:\/\/chwoon.com.mx\/?page_id=60","og_site_name":"CHEONG WOON","article_modified_time":"2025-01-22T22:24:59+00:00","og_image":[{"width":2560,"height":1164,"url":"http:\/\/chwoon.com.mx\/wp-content\/uploads\/2025\/01\/IMG20241125150723-scaled.jpg","type":"image\/jpeg"}],"twitter_card":"summary_large_image","twitter_misc":{"Est. reading time":"2 minutes"},"schema":{"@context":"https:\/\/schema.org","@graph":[{"@type":"WebPage","@id":"http:\/\/chwoon.com.mx\/?page_id=60","url":"http:\/\/chwoon.com.mx\/?page_id=60","name":"Nosotros - CHEONG WOON","isPartOf":{"@id":"http:\/\/chwoon.com.mx\/#website"},"datePublished":"2024-10-15T22:08:45+00:00","dateModified":"2025-01-22T22:24:59+00:00","description":"Fabricante de piezas a base de hielo seco o eps, y corte de piezas de hielo seco","breadcrumb":{"@id":"http:\/\/chwoon.com.mx\/?page_id=60#breadcrumb"},"inLanguage":"en-US","potentialAction":[{"@type":"ReadAction","target":["http:\/\/chwoon.com.mx\/?page_id=60"]}]},{"@type":"BreadcrumbList","@id":"http:\/\/chwoon.com.mx\/?page_id=60#breadcrumb","itemListElement":[{"@type":"ListItem","position":1,"name":"Inicio","item":"http:\/\/chwoon.com.mx\/"},{"@type":"ListItem","position":2,"name":"Nosotros"}]},{"@type":"WebSite","@id":"http:\/\/chwoon.com.mx\/#website","url":"http:\/\/chwoon.com.mx\/","name":"CHEONG WOON MEXICO","description":"CHEONG WOON","publisher":{"@id":"http:\/\/chwoon.com.mx\/#organization"},"alternateName":"CW","potentialAction":[{"@type":"SearchAction","target":{"@type":"EntryPoint","urlTemplate":"http:\/\/chwoon.com.mx\/?s={search_term_string}"},"query-input":{"@type":"PropertyValueSpecification","valueRequired":true,"valueName":"search_term_string"}}],"inLanguage":"en-US"},{"@type":"Organization","@id":"http:\/\/chwoon.com.mx\/#organization","name":"CHEONG WOON","url":"http:\/\/chwoon.com.mx\/","logo":{"@type":"ImageObject","inLanguage":"en-US","@id":"http:\/\/chwoon.com.mx\/#\/schema\/logo\/image\/","url":"http:\/\/chwoon.com.mx\/wp-content\/uploads\/2024\/10\/cropped-LOGOCWM-48.png","contentUrl":"http:\/\/chwoon.com.mx\/wp-content\/uploads\/2024\/10\/cropped-LOGOCWM-48.png","width":240,"height":169,"caption":"CHEONG WOON"},"image":{"@id":"http:\/\/chwoon.com.mx\/#\/schema\/logo\/image\/"}}]}},"_links":{"self":[{"href":"http:\/\/chwoon.com.mx\/index.php?rest_route=\/wp\/v2\/pages\/60","targetHints":{"allow":["GET"]}}],"collection":[{"href":"http:\/\/chwoon.com.mx\/index.php?rest_route=\/wp\/v2\/pages"}],"about":[{"href":"http:\/\/chwoon.com.mx\/index.php?rest_route=\/wp\/v2\/types\/page"}],"author":[{"embeddable":true,"href":"http:\/\/chwoon.com.mx\/index.php?rest_route=\/wp\/v2\/users\/1"}],"replies":[{"embeddable":true,"href":"http:\/\/chwoon.com.mx\/index.php?rest_route=%2Fwp%2Fv2%2Fcomments&post=60"}],"version-history":[{"count":4,"href":"http:\/\/chwoon.com.mx\/index.php?rest_route=\/wp\/v2\/pages\/60\/revisions"}],"predecessor-version":[{"id":252,"href":"http:\/\/chwoon.com.mx\/index.php?rest_route=\/wp\/v2\/pages\/60\/revisions\/252"}],"wp:attachment":[{"href":"http:\/\/chwoon.com.mx\/index.php?rest_route=%2Fwp%2Fv2%2Fmedia&parent=60"}],"curies":[{"name":"wp","href":"https:\/\/api.w.org\/{rel}","templated":true}]}}