{"id":211,"date":"2025-01-22T22:14:52","date_gmt":"2025-01-22T22:14:52","guid":{"rendered":"http:\/\/chwoon.com.mx\/?page_id=211"},"modified":"2025-01-23T21:27:37","modified_gmt":"2025-01-23T21:27:37","slug":"servicios","status":"publish","type":"page","link":"http:\/\/chwoon.com.mx\/?page_id=211","title":{"rendered":"Servicios"},"content":{"rendered":"\n    \n    <section class=\"u-clearfix u-section-2\" id=\"sec-d08f\">\n      <div class=\"u-clearfix u-sheet u-sheet-1\"><\/div>\n    <\/section>\n    <section class=\"u-carousel u-slide u-block-bcf0-1\" id=\"carousel-1b54\" data-interval=\"5000\" data-u-ride=\"carousel\">\n      <ol class=\"u-absolute-hcenter u-carousel-indicators u-block-bcf0-2\">\n        <li data-u-target=\"#carousel-1b54\" data-u-slide-to=\"0\" class=\"u-active u-grey-30 u-shape-circle\" style=\"width: 10px; height: 10px;\"><\/li>\n        <li data-u-target=\"#carousel-1b54\" class=\"u-grey-30 u-shape-circle\" style=\"width: 10px; height: 10px;\" data-u-slide-to=\"1\"><\/li>\n      <\/ol>\n      <div class=\"u-carousel-inner\" role=\"listbox\">\n        <div class=\"u-active u-carousel-item u-container-style u-image u-shading u-section-3-1\" data-image-width=\"3676\" data-image-height=\"1671\" style=\"background-image: linear-gradient(0deg, rgba(0, 0, 0, 0.15), rgba(0, 0, 0, 0.15)), url(&quot;http:\/\/chwoon.com.mx\/wp-content\/uploads\/2025\/01\/IMG20241125150723-scaled.jpg&quot;);\">\n          <div class=\"u-clearfix u-sheet u-sheet-1\">\n            <h1 class=\"u-text u-text-1\"> EPS \u2013 Hielo Seco<\/h1>\n            <p class=\"u-text u-text-2\"> El poliestireno expandido (EPS) se fabrica con perlas de poliestireno con alveolos cerrados, que bajo el efecto del vapor, se dilatan hasta la densidad deseada, durante la etapa de pre-expansi\u00f3n y de moldeo.<\/p>\n          <\/div>\n        <\/div>\n        <div class=\"u-carousel-item u-container-style u-image u-shading u-section-3-2\" data-image-width=\"1600\" data-image-height=\"1067\" style=\"background-image: linear-gradient(0deg, rgba(0, 0, 0, 0.15), rgba(0, 0, 0, 0.15)), url(&quot;http:\/\/chwoon.com.mx\/wp-content\/uploads\/2025\/01\/IMG_9482.jpg&quot;);\">\n          <div class=\"u-clearfix u-sheet u-sheet-1\">\n            <h1 class=\"u-text u-text-1\"> Ensamblaje de piezas&nbsp;<\/h1>\n            <p class=\"u-text u-text-2\"> El ensamblaje de piezas consiste en unir las piezas correctas y conectarlas para que el sistema funcione de manera \u00f3ptima.<\/p>\n          <\/div>\n        <\/div>\n        <div class=\"u-carousel-item u-container-style u-image u-shading u-section-3-3\" data-image-width=\"2048\" data-image-height=\"1536\" style=\"background-image: linear-gradient(0deg, rgba(0, 0, 0, 0.15), rgba(0, 0, 0, 0.15)), url(&quot;http:\/\/chwoon.com.mx\/wp-content\/uploads\/2025\/01\/20250120_1432253.jpg&quot;);\">\n          <div class=\"u-clearfix u-sheet u-sheet-1\">\n            <h1 class=\"u-text u-text-1\"> Corte y dise\u00f1o de EPS (hielo seco)<\/h1>\n            <p class=\"u-text u-text-2\"> El corte y dise\u00f1o de hielo seco (EPS) es un proceso vers\u00e1til que permite crear una amplia gama de productos, desde elementos decorativos hasta piezas para construcci\u00f3n.<\/p>\n          <\/div>\n        <\/div>\n      <\/div>\n      <a class=\"u-absolute-vcenter u-carousel-control u-carousel-control-prev u-text-grey-30 u-block-bcf0-3\" href=\"#carousel-1b54\" role=\"button\" data-u-slide=\"prev\">\n        <span aria-hidden=\"true\">\n          <svg class=\"u-svg-link\" viewBox=\"0 0 477.175 477.175\"><path d=\"M145.188,238.575l215.5-215.5c5.3-5.3,5.3-13.8,0-19.1s-13.8-5.3-19.1,0l-225.1,225.1c-5.3,5.3-5.3,13.8,0,19.1l225.1,225\n                    c2.6,2.6,6.1,4,9.5,4s6.9-1.3,9.5-4c5.3-5.3,5.3-13.8,0-19.1L145.188,238.575z\"><\/path><\/svg>\n        <\/span>\n        <span class=\"sr-only\">Previous<\/span>\n      <\/a>\n      <a class=\"u-absolute-vcenter u-carousel-control u-carousel-control-next u-text-grey-30 u-block-bcf0-4\" href=\"#carousel-1b54\" role=\"button\" data-u-slide=\"next\">\n        <span aria-hidden=\"true\">\n          <svg class=\"u-svg-link\" viewBox=\"0 0 477.175 477.175\"><path d=\"M360.731,229.075l-225.1-225.1c-5.3-5.3-13.8-5.3-19.1,0s-5.3,13.8,0,19.1l215.5,215.5l-215.5,215.5\n                    c-5.3,5.3-5.3,13.8,0,19.1c2.6,2.6,6.1,4,9.5,4c3.4,0,6.9-1.3,9.5-4l225.1-225.1C365.931,242.875,365.931,234.275,360.731,229.075z\"><\/path><\/svg>\n        <\/span>\n        <span class=\"sr-only\">Siguiente<\/span>\n      <\/a>\n    <\/section>\n    <section class=\"u-clearfix u-section-4\" id=\"carousel_da97\">\n      <div class=\"u-clearfix u-sheet u-sheet-1\">\n        <div class=\"u-shape u-shape-svg u-text-palette-3-base u-shape-1\" data-animation-name=\"customAnimationIn\" data-animation-duration=\"2000\">\n          <svg class=\"u-svg-link\" preserveAspectRatio=\"none\" viewBox=\"0 0 160 130\" style=\"\"><use xlink:href=\"#svg-a952\"><\/use><\/svg>\n          <svg class=\"u-svg-content\" viewBox=\"0 0 160 130\" x=\"0px\" y=\"0px\" id=\"svg-a952\" style=\"enable-background:new 0 0 160 130;\"><path d=\"M141.6,99.5c0.3-0.5,0.6-0.9,0.9-1.4c11.8-19.2,26.1-51.9,10.8-73.1C137.2,2.7,104.7-1.6,80.9,0.5\n\tC57.8,2.6,35.2,12.2,16.8,28.2C4,39.3-10.7,68.6,11.4,78.1c13.6,5.8,26.8,13,38.5,22.7c12,10,20.6,22.9,35.7,27.5\n\tC108.6,135.2,128.6,119.9,141.6,99.5L141.6,99.5z\"><\/path><\/svg>\n        <\/div>\n        <h1 class=\"u-text u-text-default u-text-1\">Hielo Seco <\/h1>\n        <h5 class=\"u-align-justify u-text u-text-2\"> El hielo seco resulta de mucha utilidad para una diversidad de aplicaciones y puede ser moldeado en una gran variedad de densidades. Insertos de pl\u00e1stico, moldeados en CWM, pueden tambi\u00e9n ser integrados durante el proceso de moldeo, para incrementar la resistencia estructural.<\/h5>\n        <div class=\"u-expanded-width u-list u-list-1\">\n          <div class=\"u-repeater u-repeater-1\">\n            <div class=\"u-container-style u-list-item u-repeater-item\">\n              <div class=\"u-container-layout u-similar-container u-container-layout-1\">\n                <p class=\"u-text u-text-white u-text-3\"> \u00bfC\u00f3mo se fabrica?<br>El proceso comienza con peque\u00f1as perlas de poliestireno que contienen un agente expansor. Estas perlas se pre-expanden con vapor de agua, aumentando su volumen hasta 50 veces. Luego, se moldean las perlas pre-expandidas mediante inyecci\u00f3n en moldes, donde se unen entre s\u00ed para formar piezas de diferentes formas y densidades.\n                <\/p>\n              <\/div>\n            <\/div>\n            <div class=\"u-container-style u-list-item u-repeater-item\">\n              <div class=\"u-container-layout u-similar-container u-container-layout-2\">\n                <p class=\"u-text u-text-white u-text-4\"> Caracter\u00edsticas: <br>Ligereza:&nbsp;<br>El EPS est\u00e1 compuesto en un 98% de aire, lo que lo hace extremadamente ligero.<br> Aislamiento t\u00e9rmico:&nbsp;<br>Su estructura celular cerrada le confiere una alta resistencia al paso del calor.<br> Resistencia a la humedad:&nbsp;<br>El EPS no absorbe agua, lo que lo hace ideal para aplicaciones en ambientes h\u00famedos.<br> Amortiguaci\u00f3n de impactos:&nbsp;<br>Su capacidad para absorber impactos lo convierte en un material ideal para proteger productos fr\u00e1giles.<br> Reciclable:<br>El EPS es 100% reciclable y se puede reutilizar en la fabricaci\u00f3n de nuevos productos.\n                <\/p>\n              <\/div>\n            <\/div>\n          <\/div>\n        <\/div>\n      <\/div>\n    <\/section>\n    <section class=\"u-clearfix u-section-5\" id=\"sec-f32b\">\n      <div class=\"u-clearfix u-sheet u-sheet-1\">\n        <div class=\"u-shape u-shape-svg u-text-palette-3-base u-shape-1\" data-animation-name=\"customAnimationIn\" data-animation-duration=\"2000\">\n          <svg class=\"u-svg-link\" preserveAspectRatio=\"none\" viewBox=\"0 0 160 130\" style=\"\"><use xlink:href=\"#svg-a952\"><\/use><\/svg>\n          <svg class=\"u-svg-content\" viewBox=\"0 0 160 130\" x=\"0px\" y=\"0px\" id=\"svg-a952\" style=\"enable-background:new 0 0 160 130;\"><path d=\"M141.6,99.5c0.3-0.5,0.6-0.9,0.9-1.4c11.8-19.2,26.1-51.9,10.8-73.1C137.2,2.7,104.7-1.6,80.9,0.5\n\tC57.8,2.6,35.2,12.2,16.8,28.2C4,39.3-10.7,68.6,11.4,78.1c13.6,5.8,26.8,13,38.5,22.7c12,10,20.6,22.9,35.7,27.5\n\tC108.6,135.2,128.6,119.9,141.6,99.5L141.6,99.5z\"><\/path><\/svg>\n        <\/div>\n        <h1 class=\"u-text u-text-default u-text-1\"> Ensamblaje&nbsp;<br>de piezas&nbsp;\n        <\/h1>\n        <h5 class=\"u-align-justify u-text u-text-2\"> Este pol\u00edmero resulta de mucha utilidad para una diversidad de aplicaciones y puede ser moldeado en una gran variedad de densidades. Insertos de pl\u00e1stico, moldeados en CWM, pueden tambi\u00e9n ser integrados durante el proceso de moldeo, para incrementar la resistencia estructural.<\/h5>\n        <div class=\"u-expanded-width u-list u-list-1\">\n          <div class=\"u-repeater u-repeater-1\">\n            <div class=\"u-container-style u-list-item u-repeater-item\">\n              <div class=\"u-container-layout u-similar-container u-container-layout-1\">\n                <p class=\"u-text u-text-default u-text-white u-text-3\"> Nuestros Servicios: <br>Ensamblaje manual: Ideal para proyectos que requieren precisi\u00f3n y flexibilidad.  [Imagen de ensamblaje manual]<br> Ensamblaje automatizado:  Para producciones de alto volumen con alta precisi\u00f3n y eficiencia. [Imagen de ensamblaje automatizado]<br> Ensamblaje rob\u00f3tico:  Para tareas complejas y repetitivas que requieren alta precisi\u00f3n y velocidad. [Imagen de ensamblaje rob\u00f3tico]<br> Pruebas y control de calidad:  Nos aseguramos de que cada producto ensamblado cumpla con los m\u00e1s altos est\u00e1ndares de calidad.\n                <\/p>\n              <\/div>\n            <\/div>\n            <div class=\"u-container-style u-list-item u-repeater-item\">\n              <div class=\"u-container-layout u-similar-container u-container-layout-2\">\n                <p class=\"u-text u-text-default u-text-white u-text-4\"> \u00bfQu\u00e9 nos diferencia? <br>Experiencia: Contamos con mas de 15 a\u00f1os de experiencia en la industria del ensamblaje.<br> Calidad:  Nos enfocamos en la calidad en cada etapa del proceso de ensamblaje.<br> Precisi\u00f3n:  Utilizamos tecnolog\u00eda de punta para garantizar la precisi\u00f3n en el ensamblaje de sus piezas.<br> Eficiencia: Optimizamos nuestros procesos para ofrecerle tiempos de entrega r\u00e1pidos y eficientes.<br> Flexibilidad:  Nos adaptamos a sus necesidades y ofrecemos soluciones personalizadas.\n                <\/p>\n              <\/div>\n            <\/div>\n          <\/div>\n        <\/div>\n      <\/div>\n    <\/section>\n    <section class=\"u-clearfix u-section-6\" id=\"sec-ee59\">\n      <div class=\"u-clearfix u-sheet u-sheet-1\">\n        <div class=\"u-shape u-shape-svg u-text-palette-3-base u-shape-1\" data-animation-name=\"customAnimationIn\" data-animation-duration=\"2000\">\n          <svg class=\"u-svg-link\" preserveAspectRatio=\"none\" viewBox=\"0 0 160 130\" style=\"\"><use xlink:href=\"#svg-a952\"><\/use><\/svg>\n          <svg class=\"u-svg-content\" viewBox=\"0 0 160 130\" x=\"0px\" y=\"0px\" id=\"svg-a952\" style=\"enable-background:new 0 0 160 130;\"><path d=\"M141.6,99.5c0.3-0.5,0.6-0.9,0.9-1.4c11.8-19.2,26.1-51.9,10.8-73.1C137.2,2.7,104.7-1.6,80.9,0.5\n\tC57.8,2.6,35.2,12.2,16.8,28.2C4,39.3-10.7,68.6,11.4,78.1c13.6,5.8,26.8,13,38.5,22.7c12,10,20.6,22.9,35.7,27.5\n\tC108.6,135.2,128.6,119.9,141.6,99.5L141.6,99.5z\"><\/path><\/svg>\n        <\/div>\n        <h1 class=\"u-text u-text-1\">Dise\u00f1o y corte<br>de Hielo Seco \n        <\/h1>\n        <h5 class=\"u-text u-text-2\"> Cortes de EPS Poliestireno Expandido a medida<br>\n          <br>Servicio de corte personalizado con pant\u00f3grafo computarizado.\n        <\/h5>\n        <div class=\"u-expanded-width u-list u-list-1\">\n          <div class=\"u-repeater u-repeater-1\">\n            <div class=\"u-container-style u-list-item u-repeater-item\">\n              <div class=\"u-container-layout u-similar-container u-valign-top u-container-layout-1\">\n                <p class=\"u-text u-text-default u-text-grey-40 u-text-3\"> E <b>Mesa de corte EPS :<\/b>\n                  <br>Una de las opciones de corte m\u00e1s habituales. Se trata de mesas que realizan un corte limpio por hilo caliente sin desprendimiento de poliestireno. Tienen una gran autonom\u00eda&nbsp; y permiten cortes de gran tama\u00f1o y est\u00e1ndares.\n                <\/p>\n              <\/div>\n            <\/div>\n            <div class=\"u-container-style u-list-item u-repeater-item\">\n              <div class=\"u-container-layout u-similar-container u-valign-top u-container-layout-2\">\n                <p class=\"u-text u-text-default u-text-grey-40 u-text-4\"><b>Mesa de corte por hilo caliente para poliestireno:<\/b>\n                  <br>Es capaz de realizar tanto cortes rectos como en \u00e1ngulo y biselados. Esta mesa es ideal para los paneles de aislamiento t\u00e9rmico de EPS<br>Se le puede acoplar el&nbsp;<b>arco de corte por hilo caliente&nbsp;<\/b>para poder realizar cortes \u201ca bandera o pistola\u201d de las piezas que van a ir colocadas en las esquinas de los huecos de fachada. Gracias a ello se pueden colocar paneles completos en esas zonas sin que exista junta, un aspecto que podr\u00eda ser especialmente perjudicial para el \u00e9xito del sistema.\n                <\/p>\n              <\/div>\n            <\/div>\n          <\/div>\n        <\/div>\n      <\/div>\n    <\/section>\n    \n    \n    \n    \n  \n","protected":false},"excerpt":{"rendered":"<p>EPS \u2013 Hielo Seco El poliestireno expandido (EPS) se fabrica con perlas de poliestireno con alveolos cerrados, que bajo el efecto del vapor, se dilatan hasta la densidad deseada, durante la etapa de pre-expansi\u00f3n y de moldeo. Ensamblaje de piezas&nbsp; El ensamblaje de piezas consiste en unir las piezas correctas y conectarlas para que el &hellip; <a href=\"http:\/\/chwoon.com.mx\/?page_id=211\" class=\"more-link\">Continue reading<span class=\"screen-reader-text\"> &#8220;Servicios&#8221;<\/span><\/a><\/p>\n","protected":false},"author":1,"featured_media":186,"parent":0,"menu_order":0,"comment_status":"closed","ping_status":"closed","template":"","meta":{"footnotes":""},"class_list":["post-211","page","type-page","status-publish","has-post-thumbnail","hentry"],"yoast_head":"<!-- This site is optimized with the Yoast SEO plugin v27.3 - https:\/\/yoast.com\/product\/yoast-seo-wordpress\/ -->\n<title>Servicios - CHEONG WOON<\/title>\n<meta name=\"description\" content=\"Fabricaci\u00f3n de piezas a base de hielo seco o eps, y manufactura de piezas\" \/>\n<meta name=\"robots\" content=\"index, follow, max-snippet:-1, max-image-preview:large, max-video-preview:-1\" \/>\n<link rel=\"canonical\" href=\"http:\/\/chwoon.com.mx\/?page_id=211\" \/>\n<meta property=\"og:locale\" content=\"en_US\" \/>\n<meta property=\"og:type\" content=\"article\" \/>\n<meta property=\"og:title\" content=\"Servicios - CHEONG WOON\" \/>\n<meta property=\"og:description\" content=\"Fabricaci\u00f3n de piezas a base de hielo seco o eps, y manufactura de piezas\" \/>\n<meta property=\"og:url\" content=\"http:\/\/chwoon.com.mx\/?page_id=211\" \/>\n<meta property=\"og:site_name\" content=\"CHEONG WOON\" \/>\n<meta property=\"article:modified_time\" content=\"2025-01-23T21:27:37+00:00\" \/>\n<meta property=\"og:image\" content=\"http:\/\/chwoon.com.mx\/wp-content\/uploads\/2024\/11\/IMG202411251508191-scaled.jpg\" \/>\n\t<meta property=\"og:image:width\" content=\"2560\" \/>\n\t<meta property=\"og:image:height\" content=\"1164\" \/>\n\t<meta property=\"og:image:type\" content=\"image\/jpeg\" \/>\n<meta name=\"twitter:card\" content=\"summary_large_image\" \/>\n<meta name=\"twitter:label1\" content=\"Est. reading time\" \/>\n\t<meta name=\"twitter:data1\" content=\"3 minutes\" \/>\n<script type=\"application\/ld+json\" class=\"yoast-schema-graph\">{\"@context\":\"https:\\\/\\\/schema.org\",\"@graph\":[{\"@type\":\"WebPage\",\"@id\":\"http:\\\/\\\/chwoon.com.mx\\\/?page_id=211\",\"url\":\"http:\\\/\\\/chwoon.com.mx\\\/?page_id=211\",\"name\":\"Servicios - CHEONG WOON\",\"isPartOf\":{\"@id\":\"http:\\\/\\\/chwoon.com.mx\\\/#website\"},\"primaryImageOfPage\":{\"@id\":\"http:\\\/\\\/chwoon.com.mx\\\/?page_id=211#primaryimage\"},\"image\":{\"@id\":\"http:\\\/\\\/chwoon.com.mx\\\/?page_id=211#primaryimage\"},\"thumbnailUrl\":\"http:\\\/\\\/chwoon.com.mx\\\/wp-content\\\/uploads\\\/2024\\\/11\\\/IMG202411251508191-scaled.jpg\",\"datePublished\":\"2025-01-22T22:14:52+00:00\",\"dateModified\":\"2025-01-23T21:27:37+00:00\",\"description\":\"Fabricaci\u00f3n de piezas a base de hielo seco o eps, y manufactura de piezas\",\"breadcrumb\":{\"@id\":\"http:\\\/\\\/chwoon.com.mx\\\/?page_id=211#breadcrumb\"},\"inLanguage\":\"en-US\",\"potentialAction\":[{\"@type\":\"ReadAction\",\"target\":[\"http:\\\/\\\/chwoon.com.mx\\\/?page_id=211\"]}]},{\"@type\":\"ImageObject\",\"inLanguage\":\"en-US\",\"@id\":\"http:\\\/\\\/chwoon.com.mx\\\/?page_id=211#primaryimage\",\"url\":\"http:\\\/\\\/chwoon.com.mx\\\/wp-content\\\/uploads\\\/2024\\\/11\\\/IMG202411251508191-scaled.jpg\",\"contentUrl\":\"http:\\\/\\\/chwoon.com.mx\\\/wp-content\\\/uploads\\\/2024\\\/11\\\/IMG202411251508191-scaled.jpg\",\"width\":2560,\"height\":1164,\"caption\":\"oplus_1048832\"},{\"@type\":\"BreadcrumbList\",\"@id\":\"http:\\\/\\\/chwoon.com.mx\\\/?page_id=211#breadcrumb\",\"itemListElement\":[{\"@type\":\"ListItem\",\"position\":1,\"name\":\"Inicio\",\"item\":\"http:\\\/\\\/chwoon.com.mx\\\/\"},{\"@type\":\"ListItem\",\"position\":2,\"name\":\"Servicios\"}]},{\"@type\":\"WebSite\",\"@id\":\"http:\\\/\\\/chwoon.com.mx\\\/#website\",\"url\":\"http:\\\/\\\/chwoon.com.mx\\\/\",\"name\":\"CHEONG WOON MEXICO\",\"description\":\"CHEONG WOON\",\"publisher\":{\"@id\":\"http:\\\/\\\/chwoon.com.mx\\\/#organization\"},\"alternateName\":\"CW\",\"potentialAction\":[{\"@type\":\"SearchAction\",\"target\":{\"@type\":\"EntryPoint\",\"urlTemplate\":\"http:\\\/\\\/chwoon.com.mx\\\/?s={search_term_string}\"},\"query-input\":{\"@type\":\"PropertyValueSpecification\",\"valueRequired\":true,\"valueName\":\"search_term_string\"}}],\"inLanguage\":\"en-US\"},{\"@type\":\"Organization\",\"@id\":\"http:\\\/\\\/chwoon.com.mx\\\/#organization\",\"name\":\"CHEONG WOON\",\"url\":\"http:\\\/\\\/chwoon.com.mx\\\/\",\"logo\":{\"@type\":\"ImageObject\",\"inLanguage\":\"en-US\",\"@id\":\"http:\\\/\\\/chwoon.com.mx\\\/#\\\/schema\\\/logo\\\/image\\\/\",\"url\":\"http:\\\/\\\/chwoon.com.mx\\\/wp-content\\\/uploads\\\/2024\\\/10\\\/cropped-LOGOCWM-48.png\",\"contentUrl\":\"http:\\\/\\\/chwoon.com.mx\\\/wp-content\\\/uploads\\\/2024\\\/10\\\/cropped-LOGOCWM-48.png\",\"width\":240,\"height\":169,\"caption\":\"CHEONG WOON\"},\"image\":{\"@id\":\"http:\\\/\\\/chwoon.com.mx\\\/#\\\/schema\\\/logo\\\/image\\\/\"}}]}<\/script>\n<!-- \/ Yoast SEO plugin. -->","yoast_head_json":{"title":"Servicios - CHEONG WOON","description":"Fabricaci\u00f3n de piezas a base de hielo seco o eps, y manufactura de piezas","robots":{"index":"index","follow":"follow","max-snippet":"max-snippet:-1","max-image-preview":"max-image-preview:large","max-video-preview":"max-video-preview:-1"},"canonical":"http:\/\/chwoon.com.mx\/?page_id=211","og_locale":"en_US","og_type":"article","og_title":"Servicios - CHEONG WOON","og_description":"Fabricaci\u00f3n de piezas a base de hielo seco o eps, y manufactura de piezas","og_url":"http:\/\/chwoon.com.mx\/?page_id=211","og_site_name":"CHEONG WOON","article_modified_time":"2025-01-23T21:27:37+00:00","og_image":[{"width":2560,"height":1164,"url":"http:\/\/chwoon.com.mx\/wp-content\/uploads\/2024\/11\/IMG202411251508191-scaled.jpg","type":"image\/jpeg"}],"twitter_card":"summary_large_image","twitter_misc":{"Est. reading time":"3 minutes"},"schema":{"@context":"https:\/\/schema.org","@graph":[{"@type":"WebPage","@id":"http:\/\/chwoon.com.mx\/?page_id=211","url":"http:\/\/chwoon.com.mx\/?page_id=211","name":"Servicios - CHEONG WOON","isPartOf":{"@id":"http:\/\/chwoon.com.mx\/#website"},"primaryImageOfPage":{"@id":"http:\/\/chwoon.com.mx\/?page_id=211#primaryimage"},"image":{"@id":"http:\/\/chwoon.com.mx\/?page_id=211#primaryimage"},"thumbnailUrl":"http:\/\/chwoon.com.mx\/wp-content\/uploads\/2024\/11\/IMG202411251508191-scaled.jpg","datePublished":"2025-01-22T22:14:52+00:00","dateModified":"2025-01-23T21:27:37+00:00","description":"Fabricaci\u00f3n de piezas a base de hielo seco o eps, y manufactura de piezas","breadcrumb":{"@id":"http:\/\/chwoon.com.mx\/?page_id=211#breadcrumb"},"inLanguage":"en-US","potentialAction":[{"@type":"ReadAction","target":["http:\/\/chwoon.com.mx\/?page_id=211"]}]},{"@type":"ImageObject","inLanguage":"en-US","@id":"http:\/\/chwoon.com.mx\/?page_id=211#primaryimage","url":"http:\/\/chwoon.com.mx\/wp-content\/uploads\/2024\/11\/IMG202411251508191-scaled.jpg","contentUrl":"http:\/\/chwoon.com.mx\/wp-content\/uploads\/2024\/11\/IMG202411251508191-scaled.jpg","width":2560,"height":1164,"caption":"oplus_1048832"},{"@type":"BreadcrumbList","@id":"http:\/\/chwoon.com.mx\/?page_id=211#breadcrumb","itemListElement":[{"@type":"ListItem","position":1,"name":"Inicio","item":"http:\/\/chwoon.com.mx\/"},{"@type":"ListItem","position":2,"name":"Servicios"}]},{"@type":"WebSite","@id":"http:\/\/chwoon.com.mx\/#website","url":"http:\/\/chwoon.com.mx\/","name":"CHEONG WOON MEXICO","description":"CHEONG WOON","publisher":{"@id":"http:\/\/chwoon.com.mx\/#organization"},"alternateName":"CW","potentialAction":[{"@type":"SearchAction","target":{"@type":"EntryPoint","urlTemplate":"http:\/\/chwoon.com.mx\/?s={search_term_string}"},"query-input":{"@type":"PropertyValueSpecification","valueRequired":true,"valueName":"search_term_string"}}],"inLanguage":"en-US"},{"@type":"Organization","@id":"http:\/\/chwoon.com.mx\/#organization","name":"CHEONG WOON","url":"http:\/\/chwoon.com.mx\/","logo":{"@type":"ImageObject","inLanguage":"en-US","@id":"http:\/\/chwoon.com.mx\/#\/schema\/logo\/image\/","url":"http:\/\/chwoon.com.mx\/wp-content\/uploads\/2024\/10\/cropped-LOGOCWM-48.png","contentUrl":"http:\/\/chwoon.com.mx\/wp-content\/uploads\/2024\/10\/cropped-LOGOCWM-48.png","width":240,"height":169,"caption":"CHEONG WOON"},"image":{"@id":"http:\/\/chwoon.com.mx\/#\/schema\/logo\/image\/"}}]}},"_links":{"self":[{"href":"http:\/\/chwoon.com.mx\/index.php?rest_route=\/wp\/v2\/pages\/211","targetHints":{"allow":["GET"]}}],"collection":[{"href":"http:\/\/chwoon.com.mx\/index.php?rest_route=\/wp\/v2\/pages"}],"about":[{"href":"http:\/\/chwoon.com.mx\/index.php?rest_route=\/wp\/v2\/types\/page"}],"author":[{"embeddable":true,"href":"http:\/\/chwoon.com.mx\/index.php?rest_route=\/wp\/v2\/users\/1"}],"replies":[{"embeddable":true,"href":"http:\/\/chwoon.com.mx\/index.php?rest_route=%2Fwp%2Fv2%2Fcomments&post=211"}],"version-history":[{"count":6,"href":"http:\/\/chwoon.com.mx\/index.php?rest_route=\/wp\/v2\/pages\/211\/revisions"}],"predecessor-version":[{"id":254,"href":"http:\/\/chwoon.com.mx\/index.php?rest_route=\/wp\/v2\/pages\/211\/revisions\/254"}],"wp:featuredmedia":[{"embeddable":true,"href":"http:\/\/chwoon.com.mx\/index.php?rest_route=\/wp\/v2\/media\/186"}],"wp:attachment":[{"href":"http:\/\/chwoon.com.mx\/index.php?rest_route=%2Fwp%2Fv2%2Fmedia&parent=211"}],"curies":[{"name":"wp","href":"https:\/\/api.w.org\/{rel}","templated":true}]}}